{"id":2104,"date":"2025-11-22T08:41:43","date_gmt":"2025-11-22T08:41:43","guid":{"rendered":"https:\/\/app.demotrap.hu\/wp\/?page_id=2104"},"modified":"2025-11-22T11:37:08","modified_gmt":"2025-11-22T11:37:08","slug":"palyazat","status":"publish","type":"page","link":"https:\/\/app.demotrap.hu\/wp\/palyazat\/","title":{"rendered":"P\u00e1ly\u00e1zat"},"content":{"rendered":"\t\t<div data-elementor-type=\"wp-post\" data-elementor-id=\"2104\" class=\"elementor elementor-2104\">\n\t\t\t\t<div class=\"elementor-element elementor-element-ae2d453 e-flex e-con-boxed e-con e-parent\" data-id=\"ae2d453\" data-element_type=\"container\" data-settings=\"{&quot;background_background&quot;:&quot;classic&quot;}\">\n\t\t\t\t\t<div class=\"e-con-inner\">\n\t\t<div class=\"elementor-element elementor-element-78a3b1e e-con-full e-flex e-con e-child\" data-id=\"78a3b1e\" data-element_type=\"container\">\n\t\t\t\t<div class=\"elementor-element elementor-element-a9c700f elementor-widget elementor-widget-heading\" data-id=\"a9c700f\" data-element_type=\"widget\" data-widget_type=\"heading.default\">\n\t\t\t\t<div class=\"elementor-widget-container\">\n\t\t\t\t\t<h1 class=\"elementor-heading-title elementor-size-default\">P\u00e1ly\u00e1zat<\/h1>\t\t\t\t<\/div>\n\t\t\t\t<\/div>\n\t\t\t\t<\/div>\n\t\t\t\t\t<\/div>\n\t\t\t\t<\/div>\n\t\t<div class=\"elementor-element elementor-element-1528507d e-flex e-con-boxed e-con e-parent\" data-id=\"1528507d\" data-element_type=\"container\" data-settings=\"{&quot;background_background&quot;:&quot;classic&quot;}\">\n\t\t\t\t\t<div class=\"e-con-inner\">\n\t\t<div class=\"elementor-element elementor-element-7f75aa1a e-con-full e-flex e-con e-child\" data-id=\"7f75aa1a\" data-element_type=\"container\" data-settings=\"{&quot;background_background&quot;:&quot;classic&quot;}\">\n\t\t\t\t<div class=\"elementor-element elementor-element-201eb354 elementor-widget elementor-widget-heading\" data-id=\"201eb354\" data-element_type=\"widget\" data-widget_type=\"heading.default\">\n\t\t\t\t<div class=\"elementor-widget-container\">\n\t\t\t\t\t<h2 class=\"elementor-heading-title elementor-size-default\">Az almamoly korszer\u0171 el\u0151rejelz\u00e9s\u00e9nek kutat\u00e1sa<\/h2>\t\t\t\t<\/div>\n\t\t\t\t<\/div>\n\t\t\t\t<div class=\"elementor-element elementor-element-793e2fd elementor-widget elementor-widget-text-editor\" data-id=\"793e2fd\" data-element_type=\"widget\" data-widget_type=\"text-editor.default\">\n\t\t\t\t<div class=\"elementor-widget-container\">\n\t\t\t\t\t\t\t\t\t<div><b>P\u00e1ly\u00e1zat megnevez\u00e9se, sorsz\u00e1ma:\u00a0<\/b><br \/><b>Innov\u00e1ci\u00f3s operat\u00edv csoportok l\u00e9trehoz\u00e1sa \u00e9s az innovat\u00edv projekt megval\u00f3s\u00edt\u00e1s\u00e1hoz sz\u00fcks\u00e9ges beruh\u00e1z\u00e1s\u00a0\u00a0<\/b><br \/><b>VP3-16.1.1-4.1.5-4.2.1-4.2.2-<wbr \/>8.1.1-8.2.1-8.3.1-8.5.1-8.5.2-<wbr \/>8.6.1-17\u00a0<\/b><\/div><div><b><span style=\"font-size: 1rem;\">T\u00e1mogat\u00f3i okirat sz\u00e1ma:<\/span><span style=\"color: #000000; font-family: ArialNarrow; font-size: small;\">\u00a0<\/span><span style=\"font-size: 1rem;\">\u202d4077276687\u202c,\u00a0<\/span><span style=\"font-size: 1rem;\">Projket azonos\u00edt\u00f3:\u00a01935413200<\/span><\/b><\/div><p><strong style=\"font-style: inherit;\">A projekt megval\u00f3s\u00edt\u00e1s\u00e1nak f\u00f6ldrajzi elhelyezked\u00e9se:<\/strong><span style=\"font-style: inherit; font-weight: inherit;\"> Szabolcs-Szatm\u00e1r-Bereg V\u00e1rmegye<\/span><\/p><p><strong>Konzorcium vezeto\u030b:<\/strong><\/p><p>Moravszki G\u00e1bor<\/p><p>c\u00edm: 4483 Buj, R\u00e1k\u00f3czi utca 12.<\/p><p>e-mail: <a href=\"mailto:demo.trade.mg@gmail.com\">demo.trade.mg@gmail.com<\/a><\/p><p>telefon: +36303462848<\/p>\t\t\t\t\t\t\t\t<\/div>\n\t\t\t\t<\/div>\n\t\t\t\t<div class=\"elementor-element elementor-element-48a5b3a7 elementor-widget-divider--view-line elementor-widget elementor-widget-divider\" data-id=\"48a5b3a7\" data-element_type=\"widget\" data-widget_type=\"divider.default\">\n\t\t\t\t<div class=\"elementor-widget-container\">\n\t\t\t\t\t\t\t<div class=\"elementor-divider\">\n\t\t\t<span class=\"elementor-divider-separator\">\n\t\t\t\t\t\t<\/span>\n\t\t<\/div>\n\t\t\t\t\t\t<\/div>\n\t\t\t\t<\/div>\n\t\t<div class=\"elementor-element elementor-element-20dee36c e-con-full e-flex e-con e-child\" data-id=\"20dee36c\" data-element_type=\"container\">\n\t\t<div class=\"elementor-element elementor-element-72af53cd e-con-full e-flex e-con e-child\" data-id=\"72af53cd\" data-element_type=\"container\" data-settings=\"{&quot;background_background&quot;:&quot;classic&quot;}\">\n\t\t\t\t<div class=\"elementor-element elementor-element-5993da68 elementor-widget elementor-widget-testimonial\" data-id=\"5993da68\" data-element_type=\"widget\" data-widget_type=\"testimonial.default\">\n\t\t\t\t<div class=\"elementor-widget-container\">\n\t\t\t\t\t\t\t<div class=\"elementor-testimonial-wrapper\">\n\t\t\t\t\t\t\t<div class=\"elementor-testimonial-content\"><b>Kulcsszavak:<\/b> mezo\u030bgazdas\u00e1gi termel\u00e9si rendszer; eszk\u00f6zfejleszt\u00e9s; n\u00f6v\u00e9nytermeszt\u00e9s \u00e9s kert\u00e9szet; k\u00f3rokoz\u00f3k \u00e9s k\u00e1rtevo\u030bk elleni v\u00e9dekez\u00e9s; \u00e9lelmiszermino\u030bs\u00e9g, mezo\u030bgazdas\u00e1gi versenyk\u00e9pess\u00e9g\n<br><b>A projekt ido\u030btartama:<\/b> 2020.08.06 - 2025.08.31.<br>\n<b>A projekt st\u00e1tusza:<\/b> befejezett<br>\n<b>A projekt fo\u030b finansz\u00edroz\u00e1si forr\u00e1sa:<\/b> Vid\u00e9kfejleszt\u00e9si Program, saj\u00e1t forr\u00e1s, \n<\/div>\n\t\t\t\n\t\t\t\t\t<\/div>\n\t\t\t\t\t\t<\/div>\n\t\t\t\t<\/div>\n\t\t\t\t<div class=\"elementor-element elementor-element-4f743fc elementor-widget elementor-widget-testimonial\" data-id=\"4f743fc\" data-element_type=\"widget\" data-widget_type=\"testimonial.default\">\n\t\t\t\t<div class=\"elementor-widget-container\">\n\t\t\t\t\t\t\t<div class=\"elementor-testimonial-wrapper\">\n\t\t\t\t\t\t\t<div class=\"elementor-testimonial-content\"><b>A projekt c\u00e9lja:<\/b> \nAz alma egyik legfontosabb k\u00e1ros\u00edt\u00f3ja az almamoly, szerencs\u00e9re az el\u0151rejelz\u00e9se kidolgozott, de egy prec\u00edz a k\u00e1rtev\u0151 \u00e9letm\u00f3dj\u00e1t, fejl\u0151d\u00e9s\u00e9t figyelembe vev\u0151 h\u0151\u00f6sszeg sz\u00e1m\u00edt\u00e1s alapj\u00e1n elv\u00e9gzett el\u0151rejelz\u00e9s sem tud mindig pontos lenni a gyakorlatba.  A rendelkez\u00e9sre \u00e1ll\u00f3 korszer\u0171 el\u0151rejelz\u0151 eszk\u00f6z\u00f6k (meteorol\u00f3giai \u00e1llom\u00e1sok, webkamer\u00e1s rovarcsapd\u00e1k) sem tudnak minden esetben hat\u00e9konyan m\u0171k\u00f6dni. Felt\u00e9telezz\u00fck, hogy a t\u00f6bb \u00e9vtizede meghat\u00e1rozott vagy k\u00fclf\u00f6ldi k\u00eds\u00e9rletekre alapozott fejl\u0151d\u00e9si h\u0151\u00f6sszegek fel\u00fclvizsg\u00e1lata, illetve az el\u0151rejelz\u0151 eszk\u00f6z\u00f6kh\u00f6z grad\u00e1ci\u00f3t modellez\u0151 programok kialak\u00edt\u00e1sa sz\u00fcks\u00e9ges. A projekt sor\u00e1n megold\u00e1st keres\u00fcnk erre a probl\u00e9m\u00e1ra, ki szeretn\u00e9nk fejleszteni egy korszer\u0171 a mai technol\u00f3gi\u00e1nk megfelel\u0151 el\u0151rejelz\u0151 rendszert, mely tartalmazza a vizsg\u00e1lataink alapj\u00e1n meghat\u00e1rozott h\u0151\u00f6sszegeken alapul\u00f3 modellez\u0151 programot, illetve a sz\u00fcks\u00e9ges hardvert, szenzorokat.\n<\/div>\n\t\t\t\n\t\t\t\t\t<\/div>\n\t\t\t\t\t\t<\/div>\n\t\t\t\t<\/div>\n\t\t\t\t<div class=\"elementor-element elementor-element-5994753 elementor-widget elementor-widget-testimonial\" data-id=\"5994753\" data-element_type=\"widget\" data-widget_type=\"testimonial.default\">\n\t\t\t\t<div class=\"elementor-widget-container\">\n\t\t\t\t\t\t\t<div class=\"elementor-testimonial-wrapper\">\n\t\t\t\t\t\t\t<div class=\"elementor-testimonial-content\"><b>R\u00f6vid \u00f6sszefoglal\u00f3 a gyakorlati szereplo\u030bk sz\u00e1m\u00e1ra:<\/b>\nA permetez\u00e9si munka hat\u00e9konys\u00e1g\u00e1nak a n\u00f6vel\u00e9s\u00e9hez az egyik legfontosabb t\u00e9nyez\u0151 a m\u00e1r kiv\u00e1lasztott k\u00e9sz\u00edtm\u00e9ny felhaszn\u00e1l\u00e1si id\u0151pontj\u00e1nak a meghat\u00e1roz\u00e1sa. Ehhez sz\u00fcks\u00e9ges tudni az adott k\u00e9sz\u00edtm\u00e9ny tulajdons\u00e1gait, illetve hogy hogyan hatnak a k\u00e1ros\u00edt\u00f3kra, mikor a legsebezhet\u0151bbek. A munk\u00e1nk fontos r\u00e9sze hogy a k\u00e1ros\u00edt\u00f3k rajz\u00e1s\u00e1t, terjed\u00e9s\u00e9t pontosan megfigyelj\u00fck, el\u0151re jelezz\u00fck. A projekt sor\u00e1n olyan megv\u00e1laszoland\u00f3 k\u00e9rd\u00e9sre, technol\u00f3giai tudom\u00e1nyos bizonytalans\u00e1gokra keres\u00fcnk v\u00e1laszt, fejleszt\u00fcnk szoftvert, eszk\u00f6zt, ami a munk\u00e1nk sor\u00e1n kor\u00e1bban m\u00e1r felmer\u00fclt. A kutat\u00e1si munk\u00e1nk egyik c\u00e9lja a k\u00e1ros\u00edt\u00f3k fejl\u0151d\u00e9s\u00e9hez sz\u00fcks\u00e9ges h\u0151\u00f6sszegek pontos hazai k\u00f6r\u00fclm\u00e9nyek k\u00f6z\u00f6tti meghat\u00e1roz\u00e1sa. Tov\u00e1bb\u00e1 hi\u00e1nyk\u00e9nt jelenik meg a piacon egy egys\u00e9ges n\u00f6v\u00e9nyv\u00e9delmi el\u0151rejelz\u0151 rendszer mely integr\u00e1lja a meteorol\u00f3giai \u00e1llom\u00e1sok \u00e1ltal m\u00e9rt adatokat, a webkamer\u00e1val rendelkez\u0151 rovarcsapd\u00e1k adatait, illetve figyelembe veszi a rovarok fejl\u0151d\u00e9sdinamik\u00e1j\u00e1t. \n<\/div>\n\t\t\t\n\t\t\t\t\t<\/div>\n\t\t\t\t\t\t<\/div>\n\t\t\t\t<\/div>\n\t\t\t\t<div class=\"elementor-element elementor-element-13ffc6a elementor-widget elementor-widget-testimonial\" data-id=\"13ffc6a\" data-element_type=\"widget\" data-widget_type=\"testimonial.default\">\n\t\t\t\t<div class=\"elementor-widget-container\">\n\t\t\t\t\t\t\t<div class=\"elementor-testimonial-wrapper\">\n\t\t\t\t\t\t\t<div class=\"elementor-testimonial-content\">\n\n\n<b>Szakmai besz\u00e1mol\u00f3 :<\/b>\nA projekt 2021. \u00e1prilis\u00e1ban elkezd\u0151d\u00f6tt. A munk\u00e1nk k\u00e9t fontos \u00e1llom\u00e1sa t\u00f6rt\u00e9nt meg, tavasszal az almamoly rajz\u00e1s\u00e1t figyelemmel k\u00eds\u00e9rt\u00fck, egyel\u0151re m\u00e9g csak hagyom\u00e1nyos feromon csapd\u00e1s \u00faton, illetve meteorol\u00f3giai \u00e1llom\u00e1sokkal kieg\u00e9sz\u00edtve figyelt\u00fck a rajz\u00e1shoz \u00e9s p\u00e1rosod\u00e1shoz sz\u00fcks\u00e9ges h\u0151m\u00e9rs\u00e9kleti adatokat. \u00d6t helysz\u00ednen vizsg\u00e1ltuk az almamoly rajz\u00e1s\u00e1t, \u00e9s a k\u00e1ros\u00edt\u00e1sok megkezd\u00e9s\u00e9t. A projekt m\u00e1sik r\u00e9szek\u00e9nt meghat\u00e1roztuk az el\u0151rejelz\u00e9s\u00fckh\u00f6z sz\u00fcks\u00e9ges program technol\u00f3giai s\u00e9m\u00e1j\u00e1t \u00e9s elkezd\u0151d\u00f6tt a programoz\u00f3i munka. Az el\u0151rejelz\u00e9shez sz\u00fcks\u00e9ges hardver fejleszt\u00e9se 2023-ban indult el. A fejleszt\u00e9si munka sor\u00e1n az alap hardver sok probl\u00e9m\u00e1t okozott, t\u00e1mogat\u00e1si k\u00e9relem \u00edr\u00e1sakor m\u00e9g \u00e1tprogramozott mobiltelefonokra alapoztunk az alap hardvert k\u00e9s\u0151bb a Raspberry mikrokontrollel pr\u00f3b\u00e1lkoztunk, de v\u00e9g\u00fcl le kellett cser\u00e9ln\u00fcnk mikro sz\u00e1m\u00edt\u00f3g\u00e9pekre mert ez az alap volt megfelel\u0151 a projekt c\u00e9ljainak.  A rovarcsapd\u00e1k fejleszt\u00e9se sor\u00e1n abban az ir\u00e1nyban ment\u00fcnk tov\u00e1bb, hogy egy k\u00f6zponti egys\u00e9g adja az alapot, ami felel az adatok feldolgoz\u00e1s\u00e1ra, \u00e9s tov\u00e1bb\u00edt\u00e1s\u00e1ra tov\u00e1bb\u00e1 wi-fi h\u00e1l\u00f3zatot l\u00e9tes\u00edt az \u00fcltetv\u00e9nyekben. Az \u00edgy l\u00e9trej\u00f6v\u0151 h\u00e1l\u00f3zatra elvileg korl\u00e1tlan darabsz\u00e1m\u00fa kamer\u00e1s egys\u00e9g csatlakoztathat\u00f3, ami a feromon alapon m\u0171k\u00f6d\u0151 rovarcsapd\u00e1k k\u00e9pezik. Szakmai szempontb\u00f3l az alm\u00e1s kertekben 4 rovarfaj csapd\u00e1z\u00e1s\u00e1t v\u00e9gezt\u00fck: (almamoly, almailonca, keleti gy\u00fcm\u00f6lcsmoly, lombosfa feh\u00e9rmoly) \u00edgy a projekt a v\u00e1llal\u00e1sokat n\u00f6velve nem csak kiz\u00e1r\u00f3lag az almamoly el\u0151rejelz\u00e9s\u00e9re szor\u00edtkozik. A rovarcsapd\u00e1k k\u00e9s\u0151bbi fejleszt\u00e9s sor\u00e1n az alma fenol\u00f3gi\u00e1j\u00e1t figyel\u0151 kamer\u00e1val is felszerelhet\u0151 lesz, ami egy r\u00fcgyre f\u00f3kusz\u00e1lva napi felv\u00e9telek k\u00e9sz\u00edt\u00e9s\u00e9vel AI technol\u00f3gi\u00e1val a gy\u00fcm\u00f6lcsfa fejl\u0151d\u00e9s\u00e9t nyomon k\u00f6veti, felismeri, \u00edgy az el\u0151rejelz\u00e9si adatok  konkr\u00e9t alma fenol\u00f3gi\u00e1hoz k\u00f6thet\u0151ek. A rovarcsapd\u00e1k k\u00f6zponti egys\u00e9g\u00e9t h\u0151m\u00e9r\u0151 szenzorral is felszerelt\u00fck, \u00edgy a h\u0151\u00f6sszeg sz\u00e1m\u00edt\u00e1shoz k\u00e9s\u0151bbiekben meteorol\u00f3giai \u00e1llom\u00e1st \u00fczemeltetni nem sz\u00fcks\u00e9ges. Terveink szerint a fejlesztett rovarcsapd\u00e1k teljesen alkalmasak lesznek t\u00f6bb rovarfaj egys\u00e9ges el\u0151rejelz\u00e9s\u00e9re, h\u0151\u00f6sszeg sz\u00e1m\u00edt\u00e1sra, alma fenol\u00f3giai \u00e1llapot\u00e1nak a nyomonk\u00f6vet\u00e9s\u00e9re, ilyen rendszer jelenleg nem el\u00e9rhet\u0151 a piacon. A hardver fejleszt\u00e9se sor\u00e1n nagyon sok munka\u00f3r\u00e1t ford\u00edtottunk az energia fogyaszt\u00e1s cs\u00f6kkent\u00e9s\u00e9re \u00e9s az energia ell\u00e1t\u00e1sra, a c\u00e9l az volt, hogy az eszk\u00f6z\u00f6k k\u00fcls\u0151 energia forr\u00e1s n\u00e9lk\u00fcl csak akkumul\u00e1torokkal egy teljes szezont , \u00e1prilis k\u00f6zep\u00e9t\u0151l szeptember v\u00e9g\u00e9ig t\u00f6lt\u00e9s n\u00e9lk\u00fcl lehessen \u00fczemeltetni, amit m\u00e9rt\u00e9kben el\u00e9rt\u00fck. A k\u00f6zponti egys\u00e9g \u00e9s a csapdatestek kialak\u00edt\u00e1s\u00e1ban a c\u00e9l a kompakt \u00e9s haszn\u00e1lhat\u00f3 minden id\u0151j\u00e1r\u00e1si k\u00f6r\u00fclm\u00e9nyek ellen\u00e1ll\u00f3 h\u00e1zakat kialak\u00edt\u00e1s volt. A tesztel\u00e9si munka megk\u00f6nny\u00edt\u00e9s\u00e9re beszerezt\u00fcnk egy 3D nyomtat\u00f3t - ami nem k\u00e9pezte a t\u00e1mogatott k\u00f6lts\u00e9gek r\u00e9sz\u00e9t - \u00edgy a felmer\u00fcl\u0151 probl\u00e9m\u00e1kat k\u00f6nnyen tudtuk orvosolni. A fejleszt\u00e9s sor\u00e1n t\u00f6bb csapdaform\u00e1t is kipr\u00f3b\u00e1ltunk, erre is sok munka\u00f3r\u00e1t ford\u00edtottunk m\u00edg meg tudtuk tervezni \u00e9s kinyomtatni a v\u00e9gleges m\u0171anyag dobozokat. <br>\n\nA projekt eredeti k\u00f6lts\u00e9gvet\u00e9se sokat m\u00f3dosult, a t\u00e1mogat\u00e1si k\u00e9relemben tervezett, hardverek, dobozok, akkumul\u00e1torok nem hoztak eredm\u00e9nyt, helyett\u00fck korszer\u0171bb eszk\u00f6z\u00f6ket haszn\u00e1ltuk, aminek a k\u00f6lts\u00e9geit a p\u00e1ly\u00e1zati projektben nem sz\u00e1moltuk el. \n<\/div>\n\t\t\t\n\t\t\t\t\t<\/div>\n\t\t\t\t\t\t<\/div>\n\t\t\t\t<\/div>\n\t\t\t\t<div class=\"elementor-element elementor-element-672bdf1 e-transform e-transform elementor-widget elementor-widget-testimonial\" data-id=\"672bdf1\" data-element_type=\"widget\" data-settings=\"{&quot;_transform_rotateZ_effect&quot;:{&quot;unit&quot;:&quot;px&quot;,&quot;size&quot;:&quot;&quot;,&quot;sizes&quot;:[]},&quot;_transform_rotateZ_effect_tablet&quot;:{&quot;unit&quot;:&quot;deg&quot;,&quot;size&quot;:&quot;&quot;,&quot;sizes&quot;:[]},&quot;_transform_rotateZ_effect_mobile&quot;:{&quot;unit&quot;:&quot;deg&quot;,&quot;size&quot;:&quot;&quot;,&quot;sizes&quot;:[]},&quot;_transform_scale_effect&quot;:{&quot;unit&quot;:&quot;px&quot;,&quot;size&quot;:&quot;&quot;,&quot;sizes&quot;:[]},&quot;_transform_scale_effect_tablet&quot;:{&quot;unit&quot;:&quot;px&quot;,&quot;size&quot;:&quot;&quot;,&quot;sizes&quot;:[]},&quot;_transform_scale_effect_mobile&quot;:{&quot;unit&quot;:&quot;px&quot;,&quot;size&quot;:&quot;&quot;,&quot;sizes&quot;:[]}}\" data-widget_type=\"testimonial.default\">\n\t\t\t\t<div class=\"elementor-widget-container\">\n\t\t\t\t\t\t\t<div class=\"elementor-testimonial-wrapper\">\n\t\t\t\t\t\t\t<div class=\"elementor-testimonial-content\"><b>Egy\u00e9b inform\u00e1ci\u00f3k a projektro\u030bl:<\/b>\nA projekt sor\u00e1n akad\u00e1lyba \u00fctk\u00f6zt\u00fcnk a Covid j\u00e1rv\u00e1ny kedvez\u0151tlen hat\u00e1sai miatt. A sz\u00fcks\u00e9ges megbesz\u00e9l\u00e9seket, egyeztet\u00e9seket online illetve telefonon tudtuk megtenni, a szem\u00e9lyes tal\u00e1lkoz\u00f3kat ker\u00fclt\u00fck. A t\u00e1vol-keletr\u0151l megrendelt eszk\u00f6z\u00f6k, szenzorok sz\u00e1ll\u00edt\u00e1si hat\u00e1rideje megn\u0151tt a megrendelt \u00e1ruk a v\u00e1rn\u00e1l k\u00e9s\u0151bb \u00e9rkeztek meg, \u00edgy a sz\u00e1munkra legfontosabb id\u0151szakban \u00e1prilis-m\u00e1jus (az almamoly els\u0151 rajz\u00e1sa) m\u00e9g nem \u00e1llt rendelkez\u00e9s\u00fcnkre olyan eszk\u00f6z, amit ki tudtunk volna pr\u00f3b\u00e1lni, \u00edgy a tesztel\u00e9si folyamatok az utols\u00f3 2 \u00e9vre tudtuk id\u0151z\u00edteni. T\u00f6bbek k\u00f6zt ez\u00e9rt a projekt befejez\u00e9s\u00e9nek az idej\u00e9t t\u00f6bbsz\u00f6r m\u00f3dos\u00edtottuk 2025.08.31-re. A p\u00e1ly\u00e1zat \u00edr\u00e1sa \u00e9s a projekt megval\u00f3s\u00edt\u00e1s k\u00f6z\u00f6tt eltelt id\u0151 miatt a tervezett eszk\u00f6z\u00f6k beszerz\u00e9se sz\u00fcks\u00e9gtelenn\u00e9 v\u00e1ltak, technikailag elavultak, illetve az \u00e1rak emelked\u00e9se miatt m\u00e1r nem volt \u00e9rtelme k\u00f6lts\u00e9gek elsz\u00e1mol\u00e1s\u00e1ra, ez\u00e9rt k\u00e9rt\u00fck ezen t\u00e9telek t\u00f6rl\u00e9s\u00e9t a p\u00e1ly\u00e1zati k\u00f6lts\u00e9gvet\u00e9sb\u0151l.<br>\n\n<b>A projekt eredm\u00e9ny megoszt\u00e1s\u00e1nak eszk\u00f6zei a kommunik\u00e1ci\u00f3s terv szerint:<\/b>\nA kommunik\u00e1ci\u00f3s terv\u00fcnk alapj\u00e1n a kommunik\u00e1ci\u00f3nk 3 form\u00e1ban tervezz\u00fck megval\u00f3s\u00edtani.<br>\n1. Online kommunik\u00e1ci\u00f3: <br>\n\u2022\tsaj\u00e1t honlapon, illetve a konzorciumi partnerek honlapj\u00e1n t\u00f6rt\u00e9n\u0151 kommunik\u00e1ci\u00f3, l\u00e9trehoztuk az app.demotrap.hu oldal az eredm\u00e9nyek k\u00f6zz\u00e9t\u00e9tel\u00e9hez<br>\n\u2022\tk\u00f6z\u00f6ss\u00e9gi m\u00e9dia alkalmaz\u00e1sa: Facebookon az el\u0151rejelz\u00e9seink eredm\u00e9nyeit k\u00f6zz\u00e9tett\u00fck <br>\n\u2022\taz eredm\u00e9nyeket illetve az el\u0151rejelz\u00e9seinket e-mailben k\u00fcldj\u00fck a regisztr\u00e1lt partnereinknek<br>\n\n2. Hagyom\u00e1nyos kommunik\u00e1ci\u00f3s eszk\u00f6z: <br>\n\u2022\tEredm\u00e9nykommunik\u00e1ci\u00f3s inform\u00e1ci\u00f3s anyagot k\u00e9sz\u00edtett\u00fcnk.  <br>\n\n3. Bemutat\u00f3kat tartottunk fejleszt\u00e9si folyamat sor\u00e1n, az al\u00e1bbi helysz\u00edneken:<br><br>\n\nAEDIH szaktan\u00e1csad\u00f3i k\u00e9pz\u00e9s - 3. online nap - G\u00f6d\u00f6ll\u00f6, 2024. szeptember 19-\u00e9n valamint az el\u0151ad\u00e1sunkat megism\u00e9telt\u00fck szeptember 30-\u00e1n\n\nBemutat\u00f3 \u00fczemi el\u0151ad\u00e1st tartottunk Tuzs\u00e9ron 2022.05.10-\u00e9n, 2024.05.08-\u00e1n, valamint 2025.05.29-\u00e9n, Bujon 2024.08.17-\u00e9n.\n\n\n\n<\/div>\n\t\t\t\n\t\t\t\t\t<\/div>\n\t\t\t\t\t\t<\/div>\n\t\t\t\t<\/div>\n\t\t\t\t<div class=\"elementor-element elementor-element-40e82f5 elementor-widget elementor-widget-image\" data-id=\"40e82f5\" data-element_type=\"widget\" data-widget_type=\"image.default\">\n\t\t\t\t<div class=\"elementor-widget-container\">\n\t\t\t\t\t\t\t\t\t\t\t\t\t\t\t<img fetchpriority=\"high\" decoding=\"async\" width=\"1024\" height=\"707\" src=\"https:\/\/app.demotrap.hu\/wp\/wp-content\/uploads\/2025\/11\/Palyazat-tabla-1024x707.jpg\" class=\"attachment-large size-large wp-image-2188\" alt=\"\" srcset=\"https:\/\/app.demotrap.hu\/wp\/wp-content\/uploads\/2025\/11\/Palyazat-tabla-1024x707.jpg 1024w, https:\/\/app.demotrap.hu\/wp\/wp-content\/uploads\/2025\/11\/Palyazat-tabla-300x207.jpg 300w, https:\/\/app.demotrap.hu\/wp\/wp-content\/uploads\/2025\/11\/Palyazat-tabla-768x530.jpg 768w, https:\/\/app.demotrap.hu\/wp\/wp-content\/uploads\/2025\/11\/Palyazat-tabla.jpg 1274w\" sizes=\"(max-width: 1024px) 100vw, 1024px\" \/>\t\t\t\t\t\t\t\t\t\t\t\t\t\t\t<\/div>\n\t\t\t\t<\/div>\n\t\t\t\t<\/div>\n\t\t\t\t<\/div>\n\t\t\t\t<\/div>\n\t\t\t\t\t<\/div>\n\t\t\t\t<\/div>\n\t\t<div class=\"elementor-element elementor-element-59dbd24 e-flex e-con-boxed e-con e-parent\" data-id=\"59dbd24\" data-element_type=\"container\" data-settings=\"{&quot;background_background&quot;:&quot;classic&quot;}\">\n\t\t\t\t\t<div class=\"e-con-inner\">\n\t\t<div class=\"elementor-element elementor-element-1e00505c e-con-full e-flex e-con e-child\" data-id=\"1e00505c\" data-element_type=\"container\">\n\t\t\t\t<div class=\"elementor-element elementor-element-10945cc1 elementor-widget elementor-widget-heading\" data-id=\"10945cc1\" data-element_type=\"widget\" data-widget_type=\"heading.default\">\n\t\t\t\t<div class=\"elementor-widget-container\">\n\t\t\t\t\t<h2 class=\"elementor-heading-title elementor-size-default\">INTELLIGENS K\u00c1RTEV\u0150 EL\u0150REJELZ\u00c9S<\/h2>\t\t\t\t<\/div>\n\t\t\t\t<\/div>\n\t\t\t\t<div class=\"elementor-element elementor-element-4326032 elementor-widget-divider--view-line elementor-widget elementor-widget-divider\" data-id=\"4326032\" data-element_type=\"widget\" data-widget_type=\"divider.default\">\n\t\t\t\t<div class=\"elementor-widget-container\">\n\t\t\t\t\t\t\t<div class=\"elementor-divider\">\n\t\t\t<span class=\"elementor-divider-separator\">\n\t\t\t\t\t\t<\/span>\n\t\t<\/div>\n\t\t\t\t\t\t<\/div>\n\t\t\t\t<\/div>\n\t\t\t\t<div class=\"elementor-element elementor-element-485ed436 elementor-widget elementor-widget-text-editor\" data-id=\"485ed436\" data-element_type=\"widget\" data-widget_type=\"text-editor.default\">\n\t\t\t\t<div class=\"elementor-widget-container\">\n\t\t\t\t\t\t\t\t\t<p>Ez a technol\u00f3gia k\u00fcl\u00f6n\u00f6sen fontos olyan ter\u00fcleteken is, ahol a kl\u00edmav\u00e1ltoz\u00e1s miatt \u00faj k\u00e1rtev\u0151k jelennek meg, \u00e9s sz\u00fcks\u00e9g van gyors, adapt\u00edv megold\u00e1sokra. Te milyen ter\u00fcleten szeretn\u00e9d alkalmazni ezt a m\u00f3dszert?<\/p>\t\t\t\t\t\t\t\t<\/div>\n\t\t\t\t<\/div>\n\t\t\t\t<div class=\"elementor-element elementor-element-43a9146a elementor-tablet-align-left elementor-widget elementor-widget-button\" data-id=\"43a9146a\" data-element_type=\"widget\" data-widget_type=\"button.default\">\n\t\t\t\t<div class=\"elementor-widget-container\">\n\t\t\t\t\t\t\t\t\t<div class=\"elementor-button-wrapper\">\n\t\t\t\t\t<a class=\"elementor-button elementor-button-link elementor-size-sm\" href=\"#\">\n\t\t\t\t\t\t<span class=\"elementor-button-content-wrapper\">\n\t\t\t\t\t\t\t\t\t<span class=\"elementor-button-text\">K\u00e9rj aj\u00e1nlatot m\u00e9g ma!<\/span>\n\t\t\t\t\t<\/span>\n\t\t\t\t\t<\/a>\n\t\t\t\t<\/div>\n\t\t\t\t\t\t\t\t<\/div>\n\t\t\t\t<\/div>\n\t\t\t\t<\/div>\n\t\t\t\t\t<\/div>\n\t\t\t\t<\/div>\n\t\t\t\t<\/div>\n\t\t","protected":false},"excerpt":{"rendered":"<p>P\u00e1ly\u00e1zat Az almamoly korszer\u0171 el\u0151rejelz\u00e9s\u00e9nek kutat\u00e1sa P\u00e1ly\u00e1zat megnevez\u00e9se, sorsz\u00e1ma:\u00a0Innov\u00e1ci\u00f3s operat\u00edv csoportok l\u00e9trehoz\u00e1sa \u00e9s az innovat\u00edv projekt megval\u00f3s\u00edt\u00e1s\u00e1hoz sz\u00fcks\u00e9ges beruh\u00e1z\u00e1s\u00a0\u00a0VP3-16.1.1-4.1.5-4.2.1-4.2.2-8.1.1-8.2.1-8.3.1-8.5.1-8.5.2-8.6.1-17\u00a0T\u00e1mogat\u00f3i okirat sz\u00e1ma:\u00a0\u202d4077276687\u202c,\u00a0Projket azonos\u00edt\u00f3:\u00a01935413200 A projekt megval\u00f3s\u00edt\u00e1s\u00e1nak f\u00f6ldrajzi elhelyezked\u00e9se: Szabolcs-Szatm\u00e1r-Bereg V\u00e1rmegye Konzorcium vezeto\u030b: Moravszki G\u00e1bor c\u00edm: 4483 Buj, R\u00e1k\u00f3czi utca 12. e-mail: demo.trade.mg@gmail.com telefon: +36303462848 Kulcsszavak: mezo\u030bgazdas\u00e1gi termel\u00e9si rendszer; eszk\u00f6zfejleszt\u00e9s; n\u00f6v\u00e9nytermeszt\u00e9s \u00e9s kert\u00e9szet; k\u00f3rokoz\u00f3k \u00e9s k\u00e1rtevo\u030bk elleni [&hellip;]<\/p>\n","protected":false},"author":1,"featured_media":0,"parent":0,"menu_order":0,"comment_status":"closed","ping_status":"closed","template":"","meta":{"site-sidebar-layout":"no-sidebar","site-content-layout":"page-builder","ast-site-content-layout":"full-width-container","site-content-style":"unboxed","site-sidebar-style":"unboxed","ast-global-header-display":"","ast-banner-title-visibility":"","ast-main-header-display":"","ast-hfb-above-header-display":"","ast-hfb-below-header-display":"","ast-hfb-mobile-header-display":"","site-post-title":"disabled","ast-breadcrumbs-content":"","ast-featured-img":"disabled","footer-sml-layout":"","theme-transparent-header-meta":"enabled","adv-header-id-meta":"","stick-header-meta":"","header-above-stick-meta":"","header-main-stick-meta":"","header-below-stick-meta":"","astra-migrate-meta-layouts":"set","ast-page-background-enabled":"default","ast-page-background-meta":{"desktop":{"background-color":"","background-image":"","background-repeat":"repeat","background-position":"center center","background-size":"auto","background-attachment":"scroll","background-type":"","background-media":"","overlay-type":"","overlay-color":"","overlay-opacity":"","overlay-gradient":""},"tablet":{"background-color":"","background-image":"","background-repeat":"repeat","background-position":"center center","background-size":"auto","background-attachment":"scroll","background-type":"","background-media":"","overlay-type":"","overlay-color":"","overlay-opacity":"","overlay-gradient":""},"mobile":{"background-color":"","background-image":"","background-repeat":"repeat","background-position":"center center","background-size":"auto","background-attachment":"scroll","background-type":"","background-media":"","overlay-type":"","overlay-color":"","overlay-opacity":"","overlay-gradient":""}},"ast-content-background-meta":{"desktop":{"background-color":"var(--ast-global-color-5)","background-image":"","background-repeat":"repeat","background-position":"center center","background-size":"auto","background-attachment":"scroll","background-type":"","background-media":"","overlay-type":"","overlay-color":"","overlay-opacity":"","overlay-gradient":""},"tablet":{"background-color":"var(--ast-global-color-5)","background-image":"","background-repeat":"repeat","background-position":"center center","background-size":"auto","background-attachment":"scroll","background-type":"","background-media":"","overlay-type":"","overlay-color":"","overlay-opacity":"","overlay-gradient":""},"mobile":{"background-color":"var(--ast-global-color-5)","background-image":"","background-repeat":"repeat","background-position":"center center","background-size":"auto","background-attachment":"scroll","background-type":"","background-media":"","overlay-type":"","overlay-color":"","overlay-opacity":"","overlay-gradient":""}},"footnotes":""},"class_list":["post-2104","page","type-page","status-publish","hentry"],"_links":{"self":[{"href":"https:\/\/app.demotrap.hu\/wp\/wp-json\/wp\/v2\/pages\/2104","targetHints":{"allow":["GET"]}}],"collection":[{"href":"https:\/\/app.demotrap.hu\/wp\/wp-json\/wp\/v2\/pages"}],"about":[{"href":"https:\/\/app.demotrap.hu\/wp\/wp-json\/wp\/v2\/types\/page"}],"author":[{"embeddable":true,"href":"https:\/\/app.demotrap.hu\/wp\/wp-json\/wp\/v2\/users\/1"}],"replies":[{"embeddable":true,"href":"https:\/\/app.demotrap.hu\/wp\/wp-json\/wp\/v2\/comments?post=2104"}],"version-history":[{"count":85,"href":"https:\/\/app.demotrap.hu\/wp\/wp-json\/wp\/v2\/pages\/2104\/revisions"}],"predecessor-version":[{"id":2218,"href":"https:\/\/app.demotrap.hu\/wp\/wp-json\/wp\/v2\/pages\/2104\/revisions\/2218"}],"wp:attachment":[{"href":"https:\/\/app.demotrap.hu\/wp\/wp-json\/wp\/v2\/media?parent=2104"}],"curies":[{"name":"wp","href":"https:\/\/api.w.org\/{rel}","templated":true}]}}